{"id":8663,"date":"2025-05-21T19:07:44","date_gmt":"2025-05-21T17:07:44","guid":{"rendered":"https:\/\/unicum-merchandising.com\/accessibility-statement\/"},"modified":"2026-02-12T09:56:02","modified_gmt":"2026-02-12T08:56:02","slug":"accessibility-statement","status":"publish","type":"page","link":"https:\/\/unicum-merchandising.com\/en\/accessibility-statement\/","title":{"rendered":"Accessibility statement"},"content":{"rendered":"\t\t<div data-elementor-type=\"wp-page\" data-elementor-id=\"8663\" class=\"elementor elementor-8663\" data-elementor-post-type=\"page\">\n\t\t\t\t\t\t<section class=\"elementor-section elementor-top-section elementor-element elementor-element-4ec6768c elementor-section-boxed elementor-section-height-default elementor-section-height-default\" data-id=\"4ec6768c\" data-element_type=\"section\" data-e-type=\"section\">\n\t\t\t\t\t\t<div class=\"elementor-container elementor-column-gap-default\">\n\t\t\t\t\t<div class=\"elementor-column elementor-col-100 elementor-top-column elementor-element elementor-element-22b67d84\" data-id=\"22b67d84\" data-element_type=\"column\" data-e-type=\"column\">\n\t\t\t<div class=\"elementor-widget-wrap elementor-element-populated\">\n\t\t\t\t\t\t<div class=\"elementor-element elementor-element-1dd523a6 elementor-widget elementor-widget-heading\" data-id=\"1dd523a6\" data-element_type=\"widget\" data-e-type=\"widget\" data-widget_type=\"heading.default\">\n\t\t\t\t\t<h1 class=\"elementor-heading-title elementor-size-default\">Erkl\u00e4rung zur Barrierefreiheit<\/h1>\t\t\t\t<\/div>\n\t\t\t\t<div class=\"elementor-element elementor-element-258ccad6 elementor-widget-tablet__width-initial elementor-widget elementor-widget-text-editor\" data-id=\"258ccad6\" data-element_type=\"widget\" data-e-type=\"widget\" data-widget_type=\"text-editor.default\">\n\t\t\t\t\t\t\t\t\t<div>\n<h2 data-start=\"235\" data-end=\"268\"><span style=\"font-size: 16px;\">Die UNICUM Merchandising GmbH ist bestrebt, ihre Website im Einklang mit den geltenden gesetzlichen Vorgaben zur digitalen Barrierefreiheit zug\u00e4nglich zu gestalten.&nbsp;<\/span><span style=\"font-size: 16px;\">Wir orientieren uns an den Vorgaben der <\/span><strong style=\"font-size: 16px;\" data-start=\"476\" data-end=\"523\">Web Content Accessibility Guidelines (WCAG)<\/strong><span style=\"font-size: 16px;\"> in der Version 2.1, Konformit\u00e4tsstufe <\/span><strong style=\"font-size: 16px;\" data-start=\"562\" data-end=\"568\">AA<\/strong><span style=\"font-size: 16px;\">.<\/span><\/h2>\n<div><span style=\"font-size: 16px;\">&nbsp;<\/span><\/div>\n<h3 data-start=\"576\" data-end=\"625\">Stand der Vereinbarkeit mit den Anforderungen<\/h3>\n<p data-start=\"627\" data-end=\"849\">Diese Website ist derzeit <strong data-start=\"653\" data-end=\"679\">teilweise barrierefrei<\/strong>.<br data-start=\"680\" data-end=\"683\">Nicht alle Inhalte entsprechen vollst\u00e4ndig den Anforderungen der WCAG 2.1 auf Konformit\u00e4tsstufe AA. Wir arbeiten aktiv daran, die Zug\u00e4nglichkeit weiter zu verbessern.<\/p><p data-start=\"627\" data-end=\"849\"><br><\/p>\n<p data-start=\"627\" data-end=\"849\">\n<\/p><p data-start=\"627\" data-end=\"849\">\n<\/p><p data-start=\"627\" data-end=\"849\">\n<\/p><h3 data-start=\"856\" data-end=\"887\">Nicht barrierefreie Inhalte<\/h3>\n<p data-start=\"889\" data-end=\"979\">Einige Inhalte oder Funktionen sind derzeit noch nicht vollst\u00e4ndig barrierefrei, darunter:<\/p>\n<ul data-start=\"981\" data-end=\"1131\">\n<li data-start=\"981\" data-end=\"1037\">\n<p data-start=\"983\" data-end=\"1037\">PDF-Dokumente und eingebettete Drittanbieter-Inhalte<\/p>\n<\/li>\n<li data-start=\"1038\" data-end=\"1077\">\n<p data-start=\"1040\" data-end=\"1077\">Farbkontraste einzelner UI-Elemente<\/p>\n<\/li>\n<li data-start=\"1078\" data-end=\"1131\">\n<p data-start=\"1080\" data-end=\"1131\">Alternative Bildbeschreibungen bei \u00e4lteren Inhalten<\/p>\n<\/li>\n<\/ul>\n<p data-start=\"1133\" data-end=\"1221\">Wir arbeiten daran, diese Punkte sukzessive zu optimieren und bitten um Ihr Verst\u00e4ndnis.<\/p><p data-start=\"1133\" data-end=\"1221\"><br><\/p>\n<p data-start=\"1133\" data-end=\"1221\">\n<\/p><h3 data-start=\"573\" data-end=\"633\">Technische Unterst\u00fctzung durch das Ally Plugin&nbsp;<img decoding=\"async\" class=\"\" style=\"font-size: 16px;\" src=\"data:image\/png;base64,iVBORw0KGgoAAAANSUhEUgAAAGoAAABbCAYAAACbBxCfAAAAAXNSR0IArs4c6QAAAARnQU1BAACxjwv8YQUAAAAJcEhZcwAADsMAAA7DAcdvqGQAAAzsSURBVHhe7Z1taJNXG8f\/ebmbl7ZJamytoTZIncpcB8szVqQftsEqQ0GEVh4LUzY3JmMo06374N7cmx\/m0OEYw7GnG1awYwaKoAw7mH7oMyp7OtiWoZ1FjKX2xdgmbXI3vfPyfDDJzn1M9Zz7Jb11\/UGhuc7dJtf555xc5zrnvmLKZrNZLGJ4TPebUOnBQaQuX0ZqaAiZcBjpGzeQjUSQmZoCRBFZSQIAmAQBcDhg9nhg8nphWb4c5vp6WBsaYF2zBpbVq+l\/bWgML1QqFILU1wepvx9zAwNAIkFfogynE2WBAISmJgjNzbCuW0dfYSgMKVQqFELy7FnM9fYife0a3awLFr8fZS0tsG3caEjRDCVUMhiEeOoUUgMDdFNJsQYCcLS1wdbaSjctGIYQSuzshNjVhczICN20oJh9Pji2b4dj5066qeQsqFCz3d1IHDtmOIFozD4fnLt2wb5tG91UMhZEKOniRSSOHIG0wFMcL0IgAOfevRCeeIJu0p2SCxU\/dAji11\/T5vsKx0svobyjgzbrSsmESoVCmHnvPaR+\/51uui+xNjai4v33SxYhlkSoZDCI6bfeAvR\/qtJiMqHy449LEh3qLlTis8+Q+PJL2vxA4XzlFThfe402a4quQs28\/TZmv\/+eNj+Q2LduRcVHH9FmzdBNqOl9+5A8c4Y2P9DYNm1C5eHDtFkTzLRBC\/6JIgFA8swZTO\/bR5s1QfMRVYrpLpbJoF8U8dvsLC7NzeGaJGE0lcJUOo3ZnDt2kwkeiwW1Viv8goC1ZWV41G5Hk8MBl1mX92cBPaZBTYXSM3AISxJOz8zg3MwMfhZFupmL9Q4HNlRUYHNFBeoFgW7WBK0DDM2ESgaDmN6\/nzarpjcex\/FoFD\/MzNBNmvBsRQV2uN1oKS+nm1RTefCgZqG7JkKlQiFMtbZquk7qjcfx+a1b846egN2Oxx0OPGKzoUEQ4BMELDGb4chNa2Img1uZDEYkCUOShD+SSfwiihiYnaX\/FZAbZbuXLNFWMJMJnmBQk0WxJkJNtbVplnEISxI+vHkTPdPTdBOeKS\/H5spKbCgvh9dioZuZiKTTOBeP4\/T0NH6Mx+lmbKmsxDtLl2o2JVobG+E5dYo2c6NaKC1zdyeiUewfH4dIvaSXq6rwgtuNVWVlMrtarszN4ZtoFF9NTsrsDpMJB2tq8JzbLbMrRYvcoCqhpIsXEd2+nTYromN8HN9OTclsO9xu7PV6UWe1yuxaM5xK4UgkguPRqMz+vMeDQzU1MptS3F1dqrLuqoSKtrer3qqIZTJ4cWQE54mzEA\/bbPiguhpPOp2ya\/XmQiKBdycm8GcyWbA95XTiPz6f6pBeCATgPnmSNjOj+Nlnu7tVizSeSqFteFgm0g63G+f9\/pKLBABPOp047\/djBzHlnU8k0DY8jPFUSnYtL9LAAGa7u2kzM4pH1K2nn1a1MxvLZNA2PIxfiSjsQHU1Xq2qkl23UHwxOYkDExOFx4\/Z7ThVV6dqZJl9Piz56SfazISiZxU7O1WJBAAvjozIRDpaW2sYkQDg1aoqHK2tLTz+dXYWL6r0OTMyArGzkzYzoUyori7axEXH+LhsujtaW4t2l0t2jRFod7lkYp1PJNAxPi67hhelfcctVDIYVDWaTkSjsujuQHW1IUXK0+5y4UB1deHxt1NTOEFFhzxkRkaQDAZp8z3hFkpUsXgLSxL2E+\/IHW63oaa7+Xi1qkoWYOwfH0c4d3RaCUr6kEuoVCik6nDkhzdvFhazD9ts+HTZMvoSw\/LpsmV42GYDAIjZLD68eZO+hJnUwABSoRBtvitcQiXPnqVNzPTG47K00AfV1TDJrjA2ptxrztMzPY3eIikoVnj7kkuoud5e2sTM57duFX7f4Xbrsk66Lkn4JBJBdyyG6yqmpvl40umUTYGkT7zw9iWzUKlQSPGB\/d54XJYF3+v1ytq1oC+RQODqVRyKRLB7dBRbhofRp9WdHwTka\/9ZFBWPqvS1a1zTH7NQUl8fbWKGzKG9XFWlS+5uz9iY7HFYku6waUGd1YqXiQCIzg\/ywNOn7EL199MmJsKSJNv0e0GjjDRNsSgsLEm6TIGkDz\/MzBR9bhZ4+pRZqDmF0d5pQqRnyss136rIM9\/+0Yp57GpYVVaGZ4gNRtJHHnj6lEmo9OCg4jv9zhFObK6slLVpSUeRz72eujrapBmkL6SPXCQSt\/uWASahUpcv0yYmYpmMLIjYoOU2N8U2lwsDK1ei3eVCh9eLnro6NOsQWeYhfflZFBHLZGTtrLD2LZtQQ0O0iYl+QqSA3a54+5yVFYKAo7W1eNPr1VUkAPBaLAjY7YXHpK88sPYtk1CZcJg2MfEbkR1\/3OGQtSmhL5HAluFh7BkdRXcsRjfflfwaa08udP8kEqEv4Yb0ifSVB9a+ZRIqfeMGbWLi0txc4fdHcukXNeTXRidjMeweHcW\/rl69q2ikOPk11slYDH2JBL6b5294IH0ifeWBtW+ZhMoqfPddI8LWBg2iLzqyC0tSUdGKiaMHpE+krzyw9i2TUBnq0Akro8T2tU8DoXrq6tAxz+cPKdrdxKkXBHR4vfjfypV0EzekT6SvPLD2LdNWfKSxEVkFQ7v+r78K2fJrq1bBqWIbm+Z6Tpj\/iuI9U0X1goB\/u1xod7k0XVclMhn4r1wBckfMwg89RF9yT0xlZfAynIlkEurm2rWKTsHWDA4i\/1fjq1frli3Pi\/ZdLFbIEuglDkk25yNy2fVxJWV7TCYsvXSJtt6Bdm\/xBWSFIOBNr1cmSLPDcYftfoZJKJNCZ+2mv8eQqHBBaGRIn0hfeWDtWyahoHAN5CEWuLceQKFIn0hfuWDsWyahzB4PbWKiltjOGFEYviolrDAK44H0ifSVB9a+ZRLKVCThyYKfGNZDOgvVl0jIor\/rknTPaFAtpE+krzyw9i2TUJbly2kTE2uJLY0\/iPPcenCI2hbXa+OQhPSJ9JUH1r5lEspcX0+bmHiUSFr+ojBpycInkUjR0ROWJOwZHaXNmkH6RPrKA2vfMgllbWigTUw0ER+UA7OziKTTsnYt6EskcIhIwzQ7nbLMRR\/DglgJkXRadvci6SsPrH3LJtSaNbSJCZfZjPWEA+cUHgS5G\/SU17FkCT4nzgvqNQWSvqxXcac9a98y\/XfL6tVAkfwaCxsqKgq\/ny5yu6ca6Ckvnwdckcvn5dFjCiR9IX3kwulkLkLMJBQAlAUCtImJzYQTP8bjuKIgZ1iMYlPem4Q47S6XblPglbk52f2\/pI888PQps1BCUxNtYqJeEPAs4cg3Ko5XkRSb8khWCIJuUyDpw7MqalXw9Cm7UM3NtIkZ8nTpV5OTGFa5GKXXTPNtfRSbAtWOquFUSnZzNukbLzx9yiyUdd06WPx+2sxES3m5LKg4wrhZNh\/1glB4F9NTHk17LoOO3N8VE5QH8rWvdzgU16Ww+P1c9SeYhQKAspYW2sTMbmJqOh6N4oKKd\/YKQUBPXV3h527kR1VPXZ3qzcILiYTsZCzpEy+8fckllG3jRtrETEt5ObYQZ+HenZgo7FUpYQXH6OC5dj6yudecZ0tlpeLRBAV9ySWUdd06WDkiFZp3li6FI7cd8GcyiTc0+nAvBW+MjRXKGjhMJryzdCl9CTPWQIBr2gOvUADgaGujTczUCwIOEgU2jkej+IKqmmJEvpiclE15B2tqFEd6UNiH3ELZWlth9vloMzPPud14nkjtH5iYmPcgihE4GYvJyhg87\/GoKr1j9vkUVRzjFgoAHCrL6hyqqcFTxGfGntFRQ4p1MhaTZTSecjpVl9xR2ndMh1uKsVgQhJ+SFwQBAOeuXbSJC5fZjBM+Hx4jtgcOTEzg9bExVdGgWrIAXh8bu0OkExrUQ1LTZ4pHFBaLVnGhtmiVKqEWy8Cxs6Bl4LBYWJGJBS+smGexVOn8GKZUKRaL\/86P0Yr\/YrGcdlEMV047z2KB+r8xbIH6PItf+XAffOVDnn\/ql6hAx2+80eWtVXn4MGybNtHmBx69RIJeQiEnln3rVtr8wGLfulU3kaDX1EeiZ4BhFLQOHIqhu1BY\/DJKTdBt6iOxtbbeXvg1NtJN9y3WxkZ4gsGSiIRSjSgSLXODC4UWuTteSi4UFr+CXBELIlSe2e5uJI4dU7VTXArMPh+cu3bBvm0b3VQyFlSoPGJnJ8SuLsMJZvb54Ni+HY6dO+mmkmMIofIkg0GIp06pqq2uBdZAAI62tpIFCiwYSqg8qVAIybNnMdfbq7gyNC8Wvx9lLS2wbdyoybaE1hhSKJJUKASprw9Sf\/\/tGqwqzqzLcDpRFghAaGqC0NxsSHFIDC8UTXpwEKnLl5EaGkImHEb6xg1kI5HbVbpEEdlcSQGTIAAOB8weD0xeLyzLl8NcXw9rQwOsa9Yw3+lnFO47of6plCQzsYh6\/g9EDaMTVse\/JgAAAABJRU5ErkJggg==\" alt=\"\" width=\"32\" height=\"27\"><\/h3>\n<p><\/p>\n<p data-start=\"635\" data-end=\"829\">Zur Verbesserung der Zug\u00e4nglichkeit setzen wir das Plugin <strong data-start=\"693\" data-end=\"711\">Ally<\/strong> ein.<br data-start=\"716\" data-end=\"719\">Es unterst\u00fctzt Besucherinnen und Besucher mit eingeschr\u00e4nkter Seh- oder Motorikf\u00e4higkeit durch Funktionen wie:<\/p>\n<ul data-start=\"831\" data-end=\"946\">\n<li data-start=\"831\" data-end=\"871\">\n<p data-start=\"833\" data-end=\"871\">Anpassbare Schriftgr\u00f6\u00dfen und Kontraste<\/p>\n<\/li>\n<li data-start=\"872\" data-end=\"915\">\n<p data-start=\"874\" data-end=\"915\">Tastatur- und Screenreader-Kompatibilit\u00e4t<\/p>\n<\/li>\n<li data-start=\"916\" data-end=\"946\">\n<p data-start=\"918\" data-end=\"946\">Fokus- und Navigationshilfen<\/p>\n<\/li>\n<\/ul>\n<p data-start=\"1133\" data-end=\"1221\">\n<\/p><p data-start=\"948\" data-end=\"1104\">Das Plugin hilft dabei, die Nutzung der Seite m\u00f6glichst barrierearm zu gestalten und erg\u00e4nzt unsere eigenen Ma\u00dfnahmen zur Verbesserung der Barrierefreiheit.<\/p><p data-start=\"948\" data-end=\"1104\"><br><\/p>\n<p data-start=\"948\" data-end=\"1104\">\n<\/p><p data-start=\"1133\" data-end=\"1221\">\n<\/p><p data-start=\"1133\" data-end=\"1221\">\n<\/p><p data-start=\"1133\" data-end=\"1221\">\n<\/p><h3 data-start=\"1228\" data-end=\"1252\">Feedback und Kontakt<\/h3>\n<p data-start=\"1254\" data-end=\"1364\">Sollten Sie auf Barrieren sto\u00dfen oder Anregungen zur Verbesserung haben, freuen wir uns \u00fcber Ihre R\u00fcckmeldung:<\/p>\n<p data-start=\"1366\" data-end=\"1609\">\ud83d\udce7 <strong data-start=\"1369\" data-end=\"1380\">E-Mail:<\/strong> <a rel=\"noopener\" data-start=\"1381\" data-end=\"1450\">info@unicum-merchandising.com<\/a><br data-start=\"1450\" data-end=\"1453\">\ud83d\udccd <strong data-start=\"1456\" data-end=\"1474\">Postanschrift:<\/strong> UNICUM Merchandising GmbH, Luisenstra\u00dfe 6, 44787 Bochum<br data-start=\"1530\" data-end=\"1533\">\u23f1\ufe0f Wir bem\u00fchen uns, Ihr Anliegen innerhalb von 3\u20135 Werktagen zu beantworten.<\/p><p data-start=\"1366\" data-end=\"1609\"><br><\/p>\n<p data-start=\"1366\" data-end=\"1609\">\n<\/p><p data-start=\"1366\" data-end=\"1609\">\n<\/p><h3 data-start=\"1616\" data-end=\"1640\">Aktualisierungsdatum<\/h3>\n<p data-start=\"1642\" data-end=\"1705\">Diese Erkl\u00e4rung wurde zuletzt aktualisiert am <strong data-start=\"1688\" data-end=\"1704\">9. Juni 2025<\/strong>.<\/p>\n<\/div>\t\t\t\t\t\t\t\t<\/div>\n\t\t\t\t\t<\/div>\n\t\t<\/div>\n\t\t\t\t\t<\/div>\n\t\t<\/section>\n\t\t\t\t<section class=\"elementor-section elementor-top-section elementor-element elementor-element-5b84f1fd elementor-section-boxed elementor-section-height-default elementor-section-height-default\" data-id=\"5b84f1fd\" data-element_type=\"section\" data-e-type=\"section\">\n\t\t\t\t\t\t<div class=\"elementor-container elementor-column-gap-default\">\n\t\t\t\t\t<div class=\"elementor-column elementor-col-100 elementor-top-column elementor-element elementor-element-1e9c0f44\" data-id=\"1e9c0f44\" data-element_type=\"column\" data-e-type=\"column\">\n\t\t\t<div class=\"elementor-widget-wrap elementor-element-populated\">\n\t\t\t\t\t\t<div class=\"elementor-element elementor-element-11a4dd27 elementor-widget elementor-widget-spacer\" data-id=\"11a4dd27\" data-element_type=\"widget\" data-e-type=\"widget\" data-widget_type=\"spacer.default\">\n\t\t\t\t\t\t\t<div class=\"elementor-spacer\">\n\t\t\t<div class=\"elementor-spacer-inner\"><\/div>\n\t\t<\/div>\n\t\t\t\t\t\t<\/div>\n\t\t\t\t\t<\/div>\n\t\t<\/div>\n\t\t\t\t\t<\/div>\n\t\t<\/section>\n\t\t\t\t<\/div>\n\t\t","protected":false},"excerpt":{"rendered":"<p>Erkl\u00e4rung zur Barrierefreiheit Die UNICUM Merchandising GmbH ist bestrebt, ihre Website im Einklang mit den geltenden gesetzlichen Vorgaben zur digitalen Barrierefreiheit zug\u00e4nglich zu gestalten.&nbsp;Wir orientieren uns an den Vorgaben der Web Content Accessibility Guidelines (WCAG) in der Version 2.1, Konformit\u00e4tsstufe AA. &nbsp; Stand der Vereinbarkeit mit den Anforderungen Diese Website ist derzeit teilweise barrierefrei.Nicht alle [&hellip;]<\/p>\n","protected":false},"author":1,"featured_media":0,"parent":0,"menu_order":0,"comment_status":"closed","ping_status":"closed","template":"","meta":{"footnotes":""},"class_list":["post-8663","page","type-page","status-publish","hentry"],"_links":{"self":[{"href":"https:\/\/unicum-merchandising.com\/en\/wp-json\/wp\/v2\/pages\/8663","targetHints":{"allow":["GET"]}}],"collection":[{"href":"https:\/\/unicum-merchandising.com\/en\/wp-json\/wp\/v2\/pages"}],"about":[{"href":"https:\/\/unicum-merchandising.com\/en\/wp-json\/wp\/v2\/types\/page"}],"author":[{"embeddable":true,"href":"https:\/\/unicum-merchandising.com\/en\/wp-json\/wp\/v2\/users\/1"}],"replies":[{"embeddable":true,"href":"https:\/\/unicum-merchandising.com\/en\/wp-json\/wp\/v2\/comments?post=8663"}],"version-history":[{"count":11,"href":"https:\/\/unicum-merchandising.com\/en\/wp-json\/wp\/v2\/pages\/8663\/revisions"}],"predecessor-version":[{"id":10490,"href":"https:\/\/unicum-merchandising.com\/en\/wp-json\/wp\/v2\/pages\/8663\/revisions\/10490"}],"wp:attachment":[{"href":"https:\/\/unicum-merchandising.com\/en\/wp-json\/wp\/v2\/media?parent=8663"}],"curies":[{"name":"wp","href":"https:\/\/api.w.org\/{rel}","templated":true}]}}