{"id":9744,"date":"2026-01-28T16:33:10","date_gmt":"2026-01-28T15:33:10","guid":{"rendered":"https:\/\/unicum-merchandising.com\/returns-2\/"},"modified":"2026-02-06T14:19:37","modified_gmt":"2026-02-06T13:19:37","slug":"returns-2","status":"publish","type":"page","link":"https:\/\/unicum-merchandising.com\/en\/returns-2\/","title":{"rendered":"Returns"},"content":{"rendered":"\t\t<div data-elementor-type=\"wp-page\" data-elementor-id=\"9744\" class=\"elementor elementor-9744\" data-elementor-post-type=\"page\">\n\t\t\t\t\t\t<section class=\"elementor-section elementor-top-section elementor-element elementor-element-37483286 elementor-section-boxed elementor-section-height-default elementor-section-height-default\" data-id=\"37483286\" data-element_type=\"section\" data-e-type=\"section\">\n\t\t\t\t\t\t<div class=\"elementor-container elementor-column-gap-default\">\n\t\t\t\t\t<div class=\"elementor-column elementor-col-100 elementor-top-column elementor-element elementor-element-3364df6b\" data-id=\"3364df6b\" data-element_type=\"column\" data-e-type=\"column\">\n\t\t\t<div class=\"elementor-widget-wrap elementor-element-populated\">\n\t\t\t\t\t\t<section class=\"elementor-section elementor-inner-section elementor-element elementor-element-2e730e2e elementor-section-boxed elementor-section-height-default elementor-section-height-default\" data-id=\"2e730e2e\" data-element_type=\"section\" data-e-type=\"section\">\n\t\t\t\t\t\t<div class=\"elementor-container elementor-column-gap-default\">\n\t\t\t\t\t<div class=\"elementor-column elementor-col-100 elementor-inner-column elementor-element elementor-element-77d0e23d\" data-id=\"77d0e23d\" data-element_type=\"column\" data-e-type=\"column\">\n\t\t\t<div class=\"elementor-widget-wrap elementor-element-populated\">\n\t\t\t\t\t\t<div class=\"elementor-element elementor-element-23bf54cf elementor-widget elementor-widget-heading\" data-id=\"23bf54cf\" data-element_type=\"widget\" data-e-type=\"widget\" data-widget_type=\"heading.default\">\n\t\t\t\t\t<h1 class=\"elementor-heading-title elementor-size-default\">Retourenanfrage<\/h1>\t\t\t\t<\/div>\n\t\t\t\t<div class=\"elementor-element elementor-element-3a55e979 elementor-widget-tablet__width-initial elementor-widget elementor-widget-text-editor\" data-id=\"3a55e979\" data-element_type=\"widget\" data-e-type=\"widget\" data-widget_type=\"text-editor.default\">\n\t\t\t\t\t\t\t\t\t<p>Wenn Sie einen Artikel zur\u00fcckgeben oder Ihre Bestellung widerrufen\/reklamieren m\u00f6chten, <br>dann f\u00fcllen Sie bitte dieses <a href=\"https:\/\/returns-portal.xentral.com\/create-return?id=HH5lo6Un8Lbuw3miAUjU&amp;projectId=80\" rel=\"nofollow noopener\" target=\"_blank\">Formular<\/a> aus.<\/p>\n<p>Im Anschluss erhalten Sie weitere Informationen und ein Retourenlabel.<\/p>\n<p>F\u00fcr die R\u00fcckgabe ben\u00f6tigen Sie Ihre beim Bestellvorgang angegebene E-Mail-Adresse <br>sowie die Bestellnummer (Internetnummer), die Sie in Ihrer E-Mail Bestellbest\u00e4tigung oder auf Ihrer Rechnung finden.<\/p>\n<p>Bei R\u00fcckfragen stehen wir Ihnen per E-Mail unter info@unicum-merchandising.com zur Verf\u00fcgung.<\/p>\t\t\t\t\t\t\t\t<\/div>\n\t\t\t\t\t<\/div>\n\t\t<\/div>\n\t\t\t\t\t<\/div>\n\t\t<\/section>\n\t\t\t\t\t<\/div>\n\t\t<\/div>\n\t\t\t\t\t<\/div>\n\t\t<\/section>\n\t\t\t\t<section class=\"elementor-section elementor-top-section elementor-element elementor-element-4552fdbf elementor-section-boxed elementor-section-height-default elementor-section-height-default\" data-id=\"4552fdbf\" data-element_type=\"section\" data-e-type=\"section\">\n\t\t\t\t\t\t<div class=\"elementor-container elementor-column-gap-default\">\n\t\t\t\t\t<div class=\"elementor-column elementor-col-100 elementor-top-column elementor-element elementor-element-51f1899d\" data-id=\"51f1899d\" data-element_type=\"column\" data-e-type=\"column\">\n\t\t\t<div class=\"elementor-widget-wrap elementor-element-populated\">\n\t\t\t\t\t\t<div class=\"elementor-element elementor-element-1cdc97d0 elementor-widget elementor-widget-spacer\" data-id=\"1cdc97d0\" data-element_type=\"widget\" data-e-type=\"widget\" data-widget_type=\"spacer.default\">\n\t\t\t\t\t\t\t<div class=\"elementor-spacer\">\n\t\t\t<div class=\"elementor-spacer-inner\"><\/div>\n\t\t<\/div>\n\t\t\t\t\t\t<\/div>\n\t\t\t\t\t<\/div>\n\t\t<\/div>\n\t\t\t\t\t<\/div>\n\t\t<\/section>\n\t\t\t\t<\/div>\n\t\t","protected":false},"excerpt":{"rendered":"<p>Return request If you wish to return an item or cancel\/complain about your order, please complete this form. You will then receive further information and a returns label. To return an item, you will need the e-mail address you provided during the order process and the order number (Internet number), which you will find in [&hellip;]<\/p>\n","protected":false},"author":1,"featured_media":0,"parent":0,"menu_order":0,"comment_status":"closed","ping_status":"closed","template":"","meta":{"footnotes":""},"class_list":["post-9744","page","type-page","status-publish","hentry"],"_links":{"self":[{"href":"https:\/\/unicum-merchandising.com\/en\/wp-json\/wp\/v2\/pages\/9744","targetHints":{"allow":["GET"]}}],"collection":[{"href":"https:\/\/unicum-merchandising.com\/en\/wp-json\/wp\/v2\/pages"}],"about":[{"href":"https:\/\/unicum-merchandising.com\/en\/wp-json\/wp\/v2\/types\/page"}],"author":[{"embeddable":true,"href":"https:\/\/unicum-merchandising.com\/en\/wp-json\/wp\/v2\/users\/1"}],"replies":[{"embeddable":true,"href":"https:\/\/unicum-merchandising.com\/en\/wp-json\/wp\/v2\/comments?post=9744"}],"version-history":[{"count":1,"href":"https:\/\/unicum-merchandising.com\/en\/wp-json\/wp\/v2\/pages\/9744\/revisions"}],"predecessor-version":[{"id":9749,"href":"https:\/\/unicum-merchandising.com\/en\/wp-json\/wp\/v2\/pages\/9744\/revisions\/9749"}],"wp:attachment":[{"href":"https:\/\/unicum-merchandising.com\/en\/wp-json\/wp\/v2\/media?parent=9744"}],"curies":[{"name":"wp","href":"https:\/\/api.w.org\/{rel}","templated":true}]}}